{"id":18,"date":"2020-01-02T20:43:54","date_gmt":"2020-01-02T20:43:54","guid":{"rendered":"http:\/\/clemens-clahsen.com\/?page_id=18"},"modified":"2021-04-11T15:06:32","modified_gmt":"2021-04-11T15:06:32","slug":"willkommen","status":"publish","type":"page","link":"http:\/\/clemens-clahsen.de\/","title":{"rendered":"Willkommen"},"content":{"rendered":"\n<p>Herzlich Willkommen bei Clahsen,<\/p>\n\n\n\n<figure class=\"wp-block-image size-large\"><img loading=\"lazy\" decoding=\"async\" width=\"1024\" height=\"583\" src=\"http:\/\/clemens-clahsen.de\/wp-content\/uploads\/2020\/10\/IGP9029a-1024x583.jpg\" alt=\"\" class=\"wp-image-189\" srcset=\"http:\/\/clemens-clahsen.de\/wp-content\/uploads\/2020\/10\/IGP9029a-1024x583.jpg 1024w, http:\/\/clemens-clahsen.de\/wp-content\/uploads\/2020\/10\/IGP9029a-300x171.jpg 300w, http:\/\/clemens-clahsen.de\/wp-content\/uploads\/2020\/10\/IGP9029a-768x437.jpg 768w, http:\/\/clemens-clahsen.de\/wp-content\/uploads\/2020\/10\/IGP9029a-2048x1166.jpg 2048w, http:\/\/clemens-clahsen.de\/wp-content\/uploads\/2020\/10\/IGP9029a-676x385.jpg 676w\" sizes=\"auto, (max-width: 1024px) 100vw, 1024px\" \/><\/figure>\n\n\n\n<p>Wir sind Ihr <strong>Spezialist<\/strong> f\u00fcr <strong>Servicearbeiten<\/strong>,&nbsp; <strong>Schmiede<\/strong>&#8211; und <strong>Schlosserarbeiten<\/strong>&nbsp; sowie Ihr <strong>Fachh\u00e4ndler<\/strong> mit Service&nbsp; f\u00fcr <strong>Forst<\/strong>&#8211; und <strong>Gartentechnik<\/strong>. <\/p>\n\n\n\n<p>Bei\nuns erhalten Sie neben hoher Pr\u00e4zision auch die zugeh\u00f6rige Qualit\u00e4t. <\/p>\n\n\n\n<p>Informieren Sie sich hier ganz bequem \u00fcber unsere Produktpalette und unsere Serviceangebote.<\/p>\n\n\n\n<div class=\"wp-block-image\"><figure class=\"aligncenter size-large\"><img loading=\"lazy\" decoding=\"async\" width=\"1024\" height=\"401\" src=\"http:\/\/clemens-clahsen.de\/wp-content\/uploads\/2021\/01\/IGP0019a-1024x401.jpg\" alt=\"\" class=\"wp-image-232\" srcset=\"http:\/\/clemens-clahsen.de\/wp-content\/uploads\/2021\/01\/IGP0019a-1024x401.jpg 1024w, http:\/\/clemens-clahsen.de\/wp-content\/uploads\/2021\/01\/IGP0019a-300x117.jpg 300w, http:\/\/clemens-clahsen.de\/wp-content\/uploads\/2021\/01\/IGP0019a-768x300.jpg 768w, http:\/\/clemens-clahsen.de\/wp-content\/uploads\/2021\/01\/IGP0019a-1536x601.jpg 1536w, http:\/\/clemens-clahsen.de\/wp-content\/uploads\/2021\/01\/IGP0019a-676x264.jpg 676w, http:\/\/clemens-clahsen.de\/wp-content\/uploads\/2021\/01\/IGP0019a.jpg 1705w\" sizes=\"auto, (max-width: 1024px) 100vw, 1024px\" \/><figcaption>Clemens Clahsen<\/figcaption><\/figure><\/div>\n\n\n\n<p><\/p>\n","protected":false},"excerpt":{"rendered":"<p>Herzlich Willkommen bei Clahsen, Wir sind Ihr Spezialist f\u00fcr Servicearbeiten,&nbsp; Schmiede&#8211; und Schlosserarbeiten&nbsp; sowie Ihr Fachh\u00e4ndler mit Service&nbsp; f\u00fcr Forst&#8211; und Gartentechnik. Bei uns erhalten Sie neben hoher Pr\u00e4zision auch die zugeh\u00f6rige Qualit\u00e4t. Informieren Sie sich hier ganz bequem \u00fcber unsere Produktpalette und unsere Serviceangebote.<\/p>\n","protected":false},"author":1,"featured_media":0,"parent":0,"menu_order":1,"comment_status":"closed","ping_status":"closed","template":"template-fullwidth.php","meta":{"footnotes":""},"class_list":["post-18","page","type-page","status-publish","hentry","post-preview"],"_links":{"self":[{"href":"http:\/\/clemens-clahsen.de\/index.php?rest_route=\/wp\/v2\/pages\/18","targetHints":{"allow":["GET"]}}],"collection":[{"href":"http:\/\/clemens-clahsen.de\/index.php?rest_route=\/wp\/v2\/pages"}],"about":[{"href":"http:\/\/clemens-clahsen.de\/index.php?rest_route=\/wp\/v2\/types\/page"}],"author":[{"embeddable":true,"href":"http:\/\/clemens-clahsen.de\/index.php?rest_route=\/wp\/v2\/users\/1"}],"replies":[{"embeddable":true,"href":"http:\/\/clemens-clahsen.de\/index.php?rest_route=%2Fwp%2Fv2%2Fcomments&post=18"}],"version-history":[{"count":6,"href":"http:\/\/clemens-clahsen.de\/index.php?rest_route=\/wp\/v2\/pages\/18\/revisions"}],"predecessor-version":[{"id":242,"href":"http:\/\/clemens-clahsen.de\/index.php?rest_route=\/wp\/v2\/pages\/18\/revisions\/242"}],"wp:attachment":[{"href":"http:\/\/clemens-clahsen.de\/index.php?rest_route=%2Fwp%2Fv2%2Fmedia&parent=18"}],"curies":[{"name":"wp","href":"https:\/\/api.w.org\/{rel}","templated":true}]}}