{"id":23,"date":"2020-01-02T20:50:19","date_gmt":"2020-01-02T20:50:19","guid":{"rendered":"http:\/\/clemens-clahsen.com\/?page_id=23"},"modified":"2020-01-12T21:39:46","modified_gmt":"2020-01-12T21:39:46","slug":"werstatt","status":"publish","type":"page","link":"http:\/\/clemens-clahsen.de\/?page_id=23","title":{"rendered":"Service und Verkauf"},"content":{"rendered":"\n<p>Zuverl\u00e4ssigkeit, hohes fachliches sowie handwerkliches Geschick. Bei uns finden Sie kundenfreundlichen Service.<\/p>\n\n\n\n<p>Unsere Service-Leistungen umfassen insbesondere:<\/p>\n\n\n\n<ul class=\"wp-block-list\"><li>Beratung<\/li><li>Wartung und Pflege zu g\u00fcnstigen Preisen<\/li><li>gut ausger\u00fcstete Werkstatt mit modernen Pr\u00fcf- und Messger\u00e4ten<\/li><li>Reparaturen an Maschinen und Werkzeug<\/li><li>Sofort mit unserem Einsatzwagen nach Absprache vor Ort<\/li><\/ul>\n\n\n\n<p>Sie\nvermissen noch etwas, haben Fragen oder auch Anregungen? Nehmen Sie doch\neinfach Kontakt mit uns auf. <\/p>\n","protected":false},"excerpt":{"rendered":"<p>Zuverl\u00e4ssigkeit, hohes fachliches sowie handwerkliches Geschick. Bei uns finden Sie kundenfreundlichen Service. Unsere Service-Leistungen umfassen insbesondere: Beratung Wartung und Pflege zu g\u00fcnstigen Preisen gut ausger\u00fcstete Werkstatt mit modernen Pr\u00fcf- und Messger\u00e4ten Reparaturen an Maschinen und Werkzeug Sofort mit unserem Einsatzwagen nach Absprache vor Ort Sie vermissen noch etwas, haben Fragen oder auch Anregungen? Nehmen Sie [&hellip;]<\/p>\n","protected":false},"author":1,"featured_media":0,"parent":0,"menu_order":4,"comment_status":"closed","ping_status":"closed","template":"template-fullwidth.php","meta":{"footnotes":""},"class_list":["post-23","page","type-page","status-publish","hentry","post-preview"],"_links":{"self":[{"href":"http:\/\/clemens-clahsen.de\/index.php?rest_route=\/wp\/v2\/pages\/23","targetHints":{"allow":["GET"]}}],"collection":[{"href":"http:\/\/clemens-clahsen.de\/index.php?rest_route=\/wp\/v2\/pages"}],"about":[{"href":"http:\/\/clemens-clahsen.de\/index.php?rest_route=\/wp\/v2\/types\/page"}],"author":[{"embeddable":true,"href":"http:\/\/clemens-clahsen.de\/index.php?rest_route=\/wp\/v2\/users\/1"}],"replies":[{"embeddable":true,"href":"http:\/\/clemens-clahsen.de\/index.php?rest_route=%2Fwp%2Fv2%2Fcomments&post=23"}],"version-history":[{"count":4,"href":"http:\/\/clemens-clahsen.de\/index.php?rest_route=\/wp\/v2\/pages\/23\/revisions"}],"predecessor-version":[{"id":243,"href":"http:\/\/clemens-clahsen.de\/index.php?rest_route=\/wp\/v2\/pages\/23\/revisions\/243"}],"wp:attachment":[{"href":"http:\/\/clemens-clahsen.de\/index.php?rest_route=%2Fwp%2Fv2%2Fmedia&parent=23"}],"curies":[{"name":"wp","href":"https:\/\/api.w.org\/{rel}","templated":true}]}}