{"id":25,"date":"2020-01-02T20:50:59","date_gmt":"2020-01-02T20:50:59","guid":{"rendered":"http:\/\/clemens-clahsen.com\/?page_id=25"},"modified":"2021-05-03T18:09:16","modified_gmt":"2021-05-03T18:09:16","slug":"werkstatt-1","status":"publish","type":"page","link":"http:\/\/clemens-clahsen.de\/?page_id=25","title":{"rendered":"Werkstatt"},"content":{"rendered":"\n<p>In unserer gro\u00dfen Werkstatt bieten wir neben den g\u00e4ngigen Reparaturen von Ger\u00e4ten unserer Partner auch unsere Schmiedekunst an.<\/p>\n\n\n\n<figure class=\"wp-block-image size-large is-resized is-style-default\"><img loading=\"lazy\" decoding=\"async\" src=\"http:\/\/clemens-clahsen.de\/wp-content\/uploads\/2020\/10\/IGP0987b-1024x744.jpg\" alt=\"\" class=\"wp-image-159\" width=\"674\" height=\"489\" srcset=\"http:\/\/clemens-clahsen.de\/wp-content\/uploads\/2020\/10\/IGP0987b-1024x744.jpg 1024w, http:\/\/clemens-clahsen.de\/wp-content\/uploads\/2020\/10\/IGP0987b-300x218.jpg 300w, http:\/\/clemens-clahsen.de\/wp-content\/uploads\/2020\/10\/IGP0987b-768x558.jpg 768w, http:\/\/clemens-clahsen.de\/wp-content\/uploads\/2020\/10\/IGP0987b-1536x1116.jpg 1536w, http:\/\/clemens-clahsen.de\/wp-content\/uploads\/2020\/10\/IGP0987b-2048x1488.jpg 2048w, http:\/\/clemens-clahsen.de\/wp-content\/uploads\/2020\/10\/IGP0987b-676x491.jpg 676w\" sizes=\"auto, (max-width: 674px) 100vw, 674px\" \/><figcaption> Laden mit Werkstatt<\/figcaption><\/figure>\n\n\n\n<p>Kommen Sie doch einfach mal vorbei und lernen Sie mich und unsere Werkstatt kennen. Wir freuen uns auf Ihren Besuch.<\/p>\n","protected":false},"excerpt":{"rendered":"<p>In unserer gro\u00dfen Werkstatt bieten wir neben den g\u00e4ngigen Reparaturen von Ger\u00e4ten unserer Partner auch unsere Schmiedekunst an. Kommen Sie doch einfach mal vorbei und lernen Sie mich und unsere Werkstatt kennen. Wir freuen uns auf Ihren Besuch.<\/p>\n","protected":false},"author":1,"featured_media":0,"parent":23,"menu_order":1,"comment_status":"closed","ping_status":"closed","template":"template-fullwidth.php","meta":{"footnotes":""},"class_list":["post-25","page","type-page","status-publish","hentry","post-preview"],"_links":{"self":[{"href":"http:\/\/clemens-clahsen.de\/index.php?rest_route=\/wp\/v2\/pages\/25","targetHints":{"allow":["GET"]}}],"collection":[{"href":"http:\/\/clemens-clahsen.de\/index.php?rest_route=\/wp\/v2\/pages"}],"about":[{"href":"http:\/\/clemens-clahsen.de\/index.php?rest_route=\/wp\/v2\/types\/page"}],"author":[{"embeddable":true,"href":"http:\/\/clemens-clahsen.de\/index.php?rest_route=\/wp\/v2\/users\/1"}],"replies":[{"embeddable":true,"href":"http:\/\/clemens-clahsen.de\/index.php?rest_route=%2Fwp%2Fv2%2Fcomments&post=25"}],"version-history":[{"count":10,"href":"http:\/\/clemens-clahsen.de\/index.php?rest_route=\/wp\/v2\/pages\/25\/revisions"}],"predecessor-version":[{"id":265,"href":"http:\/\/clemens-clahsen.de\/index.php?rest_route=\/wp\/v2\/pages\/25\/revisions\/265"}],"up":[{"embeddable":true,"href":"http:\/\/clemens-clahsen.de\/index.php?rest_route=\/wp\/v2\/pages\/23"}],"wp:attachment":[{"href":"http:\/\/clemens-clahsen.de\/index.php?rest_route=%2Fwp%2Fv2%2Fmedia&parent=25"}],"curies":[{"name":"wp","href":"https:\/\/api.w.org\/{rel}","templated":true}]}}