{"id":40,"date":"2020-01-02T21:02:30","date_gmt":"2020-01-02T21:02:30","guid":{"rendered":"http:\/\/clemens-clahsen.com\/?page_id=40"},"modified":"2020-01-12T21:27:08","modified_gmt":"2020-01-12T21:27:08","slug":"impressum","status":"publish","type":"page","link":"http:\/\/clemens-clahsen.de\/?page_id=40","title":{"rendered":"Impressum"},"content":{"rendered":"\n<div class=\"wp-block-group\"><div class=\"wp-block-group__inner-container is-layout-flow wp-block-group-is-layout-flow\">\n<p><strong>Name und Anschrift:<\/strong><\/p>\n\n\n\n<div class=\"wp-block-group\"><div class=\"wp-block-group__inner-container is-layout-flow wp-block-group-is-layout-flow\">\n<p>Clahsen, Forst und Gartentechnik<\/p>\n\n\n\n<p>Ansprechpartner : Clemens Clahs-en<\/p>\n<\/div><\/div>\n\n\n\n<p>Telefon: 02831 &#8211; 98219<\/p>\n\n\n\n<p>Fax: 02831 &#8211; 98272<\/p>\n\n\n\n<p>E-Mail: c.clahsen@t-online.de<\/p>\n\n\n\n<p>Gesch\u00e4ftsf\u00fchrer : Clemens Clahsen<\/p>\n\n\n\n<p>Firmensitz Geldern Registergericht: Geldern \/ Kleve<\/p>\n\n\n\n<p>Umsatzsteuer-Identifikationsnummer: EG-ID 177060006<\/p>\n\n\n\n<p>Inhaltlich verantwortlich: Clemens Clahsen<\/p>\n\n\n\n<p class=\"has-text-align-left\"><strong>Inhalte<\/strong><\/p>\n\n\n\n<p>&nbsp;Die Fa. Clahsen \u00fcbernimmt keinerlei Gew\u00e4hr f\u00fcr die Aktualit\u00e4t,\nVollst\u00e4ndigkeit oder Qualit\u00e4t der bereitgestellten Informationen.\nHaftungsanspr\u00fcche gegen die Fa. Clahsen, welche sich auf Sch\u00e4den materieller\noder ideeller Art beziehen, die durch die Nutzung der dargebotenen Informationen\nbzw. durch die Nutzung fehlerhafter und unvollst\u00e4ndiger Informationen\nverursacht wurden, sind grunds\u00e4tzlich ausgeschlossen.<\/p>\n\n\n\n<p>Alle Angebote sind freibleibend und unverbindlich. Die Fa. Clahsen beh\u00e4lt es\nsich ausdr\u00fccklich vor, Teile der Seiten oder das gesamte Angebot ohne\ngesonderte Ank\u00fcndigung zu ver\u00e4ndern.<\/p>\n\n\n\n<p><strong>Personenbezogene Daten<\/strong><\/p>\n\n\n\n<p>Innerhalb dieser Internetpr\u00e4senz besteht die M\u00f6glichkeit, uns&nbsp;\npersonenbezogene Daten zu \u00fcbermitteln. &#8222;Personenbezogene Daten&#8220; sind\nInformationen, die genutzt werden k\u00f6nnen, um ihre Identit\u00e4t zu erfahren.\nDarunter fallen Informationen wie Ihr Name, Adresse, Postanschrift,\nTelefonnummer, E-Mail-Adresse.<\/p>\n\n\n\n<p>Hinsichtlich ihrer personenbezogenen Daten weisen wir gem\u00e4\u00df \u00a7 33 BDSG darauf\nhin, dass diese nach Ma\u00dfgabe der anwendbaren Datenschutzbestimmungen\ngespeichert und oder \u00fcbertragen werden. Wir weisen ausdr\u00fccklich darauf hin,\ndass der Datenschutz in offenen Netzen wie dem Internet nicht vollst\u00e4ndig\ngew\u00e4hrleistet werden kann.<\/p>\n\n\n\n<p>Die\ngespeicherten Daten werden ausschlie\u00dflich zu betriebsinternen Zwecken genutzt,\neine Weitergabe an Dritte, auch in Ausz\u00fcgen, findet nicht statt.\nPersonenbezogene Daten werden absolut vertraulich behandelt.<\/p>\n\n\n\n<p><strong>Hinweise zu externen Links<\/strong><\/p>\n\n\n\n<p>Die Fa. Clahsen ist f\u00fcr die &#8222;eigenen Inhalte&#8220; nach den allgemeinen\nGesetzen verantwortlich.<\/p>\n\n\n\n<p>In dieser Internetpr\u00e4senz existieren Links&nbsp;&nbsp; von anderen\nAnbietern. Diese bereitgehaltene Inhalte und Informationen sind&nbsp;&nbsp; wir\nnicht verantwortlich und distanziert sich ausdr\u00fccklich von diesen.<\/p>\n\n\n\n<p><strong>Urheberrecht<\/strong><\/p>\n\n\n\n<p>Die FA, Clahsen ist bestrebt, die Urheberrechte der verwendeten Grafiken zu\nbeachten, selbst erstellte Grafiken zu nutzen oder auf lizenzfreie Grafiken\nzur\u00fcckzugreifen. Alle innerhalb des Internetangebotes genannten und ggf. durch\nDritte gesch\u00fctzten Marken- und Warenzeichen unterliegen uneingeschr\u00e4nkt den\nBestimmungen des jeweils g\u00fcltigen Kennzeichenrechts und den Besitzrechten der\njeweiligen eingetragenen Eigent\u00fcmer. Allein aufgrund der blo\u00dfen Nennung ist\nnicht der Schluss zu ziehen, dass Markenzeichen nicht durch Rechte Dritter gesch\u00fctzt\nsind!<\/p>\n\n\n\n<p>Das Copyright f\u00fcr ver\u00f6ffentliche, von &nbsp;der Fa. Clahsen selbst erstellte\nObjekte bleibt allein bei der Fa. Clahsen. Eine Vervielf\u00e4ltigung oder\nVerwendung solcher Grafiken und Texte in anderen elektronischen oder und Texte\nin anderen elektronischen oder gedruckten Publikationen ist ohne ausdr\u00fcckliche\nZustimmung durch Herrn Clemens Clahsen &nbsp;nicht gestattet.<\/p>\n\n\n\n<p><strong>Rechtswirksamkeit<\/strong><\/p>\n\n\n\n<p>Sofern Teile oder einzelne Formulierungen dieses Textes der geltenden\nRechtslage nicht, nicht mehr entspricht, oder nicht mehr vollst\u00e4ndig\nentsprechen sollte, bleiben die \u00fcbrigen Teile in ihrem Inhalt oder Teile davon\nin ihrer G\u00fcltigkeit unber\u00fchrt.<\/p>\n<\/div><\/div>\n","protected":false},"excerpt":{"rendered":"<p>Name und Anschrift: Clahsen, Forst und Gartentechnik Ansprechpartner : Clemens Clahs-en Telefon: 02831 &#8211; 98219 Fax: 02831 &#8211; 98272 E-Mail: c.clahsen@t-online.de Gesch\u00e4ftsf\u00fchrer : Clemens Clahsen Firmensitz Geldern Registergericht: Geldern \/ Kleve Umsatzsteuer-Identifikationsnummer: EG-ID 177060006 Inhaltlich verantwortlich: Clemens Clahsen Inhalte &nbsp;Die Fa. Clahsen \u00fcbernimmt keinerlei Gew\u00e4hr f\u00fcr die Aktualit\u00e4t, Vollst\u00e4ndigkeit oder Qualit\u00e4t der bereitgestellten Informationen. Haftungsanspr\u00fcche [&hellip;]<\/p>\n","protected":false},"author":1,"featured_media":0,"parent":0,"menu_order":0,"comment_status":"closed","ping_status":"closed","template":"template-fullwidth.php","meta":{"footnotes":""},"class_list":["post-40","page","type-page","status-publish","hentry","post-preview"],"_links":{"self":[{"href":"http:\/\/clemens-clahsen.de\/index.php?rest_route=\/wp\/v2\/pages\/40","targetHints":{"allow":["GET"]}}],"collection":[{"href":"http:\/\/clemens-clahsen.de\/index.php?rest_route=\/wp\/v2\/pages"}],"about":[{"href":"http:\/\/clemens-clahsen.de\/index.php?rest_route=\/wp\/v2\/types\/page"}],"author":[{"embeddable":true,"href":"http:\/\/clemens-clahsen.de\/index.php?rest_route=\/wp\/v2\/users\/1"}],"replies":[{"embeddable":true,"href":"http:\/\/clemens-clahsen.de\/index.php?rest_route=%2Fwp%2Fv2%2Fcomments&post=40"}],"version-history":[{"count":3,"href":"http:\/\/clemens-clahsen.de\/index.php?rest_route=\/wp\/v2\/pages\/40\/revisions"}],"predecessor-version":[{"id":84,"href":"http:\/\/clemens-clahsen.de\/index.php?rest_route=\/wp\/v2\/pages\/40\/revisions\/84"}],"wp:attachment":[{"href":"http:\/\/clemens-clahsen.de\/index.php?rest_route=%2Fwp%2Fv2%2Fmedia&parent=40"}],"curies":[{"name":"wp","href":"https:\/\/api.w.org\/{rel}","templated":true}]}}