{"id":64,"date":"2020-01-03T23:26:43","date_gmt":"2020-01-03T23:26:43","guid":{"rendered":"http:\/\/clemens-clahsen.com\/?page_id=64"},"modified":"2021-04-12T17:13:04","modified_gmt":"2021-04-12T17:13:04","slug":"partner","status":"publish","type":"page","link":"http:\/\/clemens-clahsen.de\/?page_id=64","title":{"rendered":"Partner"},"content":{"rendered":"\n<p class=\"has-text-align-center\">Sie haben Interesse oder Fragen zu Produkten unserer Partner? <\/p>\n\n\n\n<p class=\"has-text-align-center\">Wir stehen Ihnen selbstverst\u00e4ndlich f\u00fcr ein Beratungsgespr\u00e4ch zur Verf\u00fcgung. <\/p>\n\n\n\n<figure class=\"wp-block-table is-style-stripes\"><table><tbody><tr><td><a href=\"https:\/\/www.echo-motorgeraete.de\/de\/\"><img loading=\"lazy\" decoding=\"async\" width=\"150\" height=\"61\" class=\"wp-image-75\" style=\"width: 150px;\" src=\"http:\/\/clemens-clahsen.com\/wp-content\/uploads\/2020\/01\/echo.png\" alt=\"\"><\/a><\/td><td class=\"has-text-align-right\" data-align=\"right\"><strong>Echo Motorger\u00e4te<br><\/strong>Robuste Technik f\u00fcr Garten-<br>und Rasen-pflege<\/td><\/tr><tr><td><strong>Briggs &amp; Statton<\/strong><br> Benzin &#8211; und Dieselmotoren der neusten Generation<br><\/td><td class=\"has-text-align-right\" data-align=\"right\"><a href=\"https:\/\/www.briggsandstratton.com\/eu\/de_de\/products\/engines\/lawn-mower-engines.html\"><img loading=\"lazy\" decoding=\"async\" width=\"150\" height=\"72\" class=\"wp-image-74\" style=\"width: 150px;\" src=\"http:\/\/clemens-clahsen.com\/wp-content\/uploads\/2020\/01\/briggs.png\" alt=\"\"><\/a><\/td><\/tr><tr><td><a href=\"https:\/\/www.wilms.de\/web\/de\/\"><img loading=\"lazy\" decoding=\"async\" width=\"150\" height=\"35\" class=\"wp-image-76\" style=\"width: 150px;\" src=\"http:\/\/clemens-clahsen.com\/wp-content\/uploads\/2020\/01\/logo_logo.png\" alt=\"\" srcset=\"http:\/\/clemens-clahsen.de\/wp-content\/uploads\/2020\/01\/logo_logo.png 315w, http:\/\/clemens-clahsen.de\/wp-content\/uploads\/2020\/01\/logo_logo-300x70.png 300w\" sizes=\"auto, (max-width: 150px) 100vw, 150px\" \/><\/a><\/td><td class=\"has-text-align-right\" data-align=\"right\"><strong>Wilms<\/strong><br>Starke Heiz, K\u00fchl, Trocknungs und Reinigungsger\u00e4te<\/td><\/tr><tr><td><strong>Solo<\/strong><br>Alles rund um die Forsttechnik<\/td><td class=\"has-text-align-right\" data-align=\"right\"><a href=\"https:\/\/www.al-ko.com\/de\/solo-by-alko\"><img loading=\"lazy\" decoding=\"async\" width=\"147\" height=\"77\" class=\"wp-image-77\" style=\"width: 147px;\" src=\"http:\/\/clemens-clahsen.com\/wp-content\/uploads\/2020\/01\/Logo-Solo-by-AL-KO.jpg\" alt=\"\"><\/a><\/td><\/tr><tr><td><img loading=\"lazy\" decoding=\"async\" width=\"150\" height=\"43\" class=\"wp-image-81\" style=\"width: 150px;\" src=\"http:\/\/clemens-clahsen.com\/wp-content\/uploads\/2020\/01\/aspen.png\" alt=\"\" srcset=\"http:\/\/clemens-clahsen.de\/wp-content\/uploads\/2020\/01\/aspen.png 450w, http:\/\/clemens-clahsen.de\/wp-content\/uploads\/2020\/01\/aspen-300x85.png 300w\" sizes=\"auto, (max-width: 150px) 100vw, 150px\" \/><\/td><td class=\"has-text-align-right\" data-align=\"right\"><strong>ASPEN<\/strong><br>Aspen Sonderkraftstoffe<\/td><\/tr><\/tbody><\/table><figcaption>Unsere Partner. Eine viel Zahl deren Produkte finden sie in unserem Verkauf<\/figcaption><\/figure>\n","protected":false},"excerpt":{"rendered":"<p>Sie haben Interesse oder Fragen zu Produkten unserer Partner? Wir stehen Ihnen selbstverst\u00e4ndlich f\u00fcr ein Beratungsgespr\u00e4ch zur Verf\u00fcgung. Echo Motorger\u00e4teRobuste Technik f\u00fcr Garten-und Rasen-pflege Briggs &amp; Statton Benzin &#8211; und Dieselmotoren der neusten Generation WilmsStarke Heiz, K\u00fchl, Trocknungs und Reinigungsger\u00e4te SoloAlles rund um die Forsttechnik ASPENAspen Sonderkraftstoffe Unsere Partner. Eine viel Zahl deren Produkte finden [&hellip;]<\/p>\n","protected":false},"author":1,"featured_media":0,"parent":0,"menu_order":3,"comment_status":"closed","ping_status":"closed","template":"template-fullwidth.php","meta":{"footnotes":""},"class_list":["post-64","page","type-page","status-publish","hentry","post-preview"],"_links":{"self":[{"href":"http:\/\/clemens-clahsen.de\/index.php?rest_route=\/wp\/v2\/pages\/64","targetHints":{"allow":["GET"]}}],"collection":[{"href":"http:\/\/clemens-clahsen.de\/index.php?rest_route=\/wp\/v2\/pages"}],"about":[{"href":"http:\/\/clemens-clahsen.de\/index.php?rest_route=\/wp\/v2\/types\/page"}],"author":[{"embeddable":true,"href":"http:\/\/clemens-clahsen.de\/index.php?rest_route=\/wp\/v2\/users\/1"}],"replies":[{"embeddable":true,"href":"http:\/\/clemens-clahsen.de\/index.php?rest_route=%2Fwp%2Fv2%2Fcomments&post=64"}],"version-history":[{"count":12,"href":"http:\/\/clemens-clahsen.de\/index.php?rest_route=\/wp\/v2\/pages\/64\/revisions"}],"predecessor-version":[{"id":267,"href":"http:\/\/clemens-clahsen.de\/index.php?rest_route=\/wp\/v2\/pages\/64\/revisions\/267"}],"wp:attachment":[{"href":"http:\/\/clemens-clahsen.de\/index.php?rest_route=%2Fwp%2Fv2%2Fmedia&parent=64"}],"curies":[{"name":"wp","href":"https:\/\/api.w.org\/{rel}","templated":true}]}}