{"id":70,"date":"2020-01-03T23:29:57","date_gmt":"2020-01-03T23:29:57","guid":{"rendered":"http:\/\/clemens-clahsen.com\/?page_id=70"},"modified":"2021-01-30T11:48:02","modified_gmt":"2021-01-30T11:48:02","slug":"handwerk","status":"publish","type":"page","link":"http:\/\/clemens-clahsen.de\/?page_id=70","title":{"rendered":"Kontakt"},"content":{"rendered":"\n<p>Bitte f\u00fchlen Sie sich frei bei Fragen oder W\u00fcnschen mir eine Nachricht \u00fcber das <a href=\"http:\/\/clemens-clahsen.de\/?page_id=106\">Kontaktformular<\/a> zu senden oder kommen sie einfach vorbei. Die genaue Adresse wo wir sitzen finden sie <a href=\"http:\/\/clemens-clahsen.de\/?page_id=113\">hier<\/a>. <\/p>\n","protected":false},"excerpt":{"rendered":"<p>Bitte f\u00fchlen Sie sich frei bei Fragen oder W\u00fcnschen mir eine Nachricht \u00fcber das Kontaktformular zu senden oder kommen sie einfach vorbei. Die genaue Adresse wo wir sitzen finden sie hier.<\/p>\n","protected":false},"author":1,"featured_media":0,"parent":0,"menu_order":0,"comment_status":"closed","ping_status":"closed","template":"template-fullwidth.php","meta":{"footnotes":""},"class_list":["post-70","page","type-page","status-publish","hentry","post-preview"],"_links":{"self":[{"href":"http:\/\/clemens-clahsen.de\/index.php?rest_route=\/wp\/v2\/pages\/70","targetHints":{"allow":["GET"]}}],"collection":[{"href":"http:\/\/clemens-clahsen.de\/index.php?rest_route=\/wp\/v2\/pages"}],"about":[{"href":"http:\/\/clemens-clahsen.de\/index.php?rest_route=\/wp\/v2\/types\/page"}],"author":[{"embeddable":true,"href":"http:\/\/clemens-clahsen.de\/index.php?rest_route=\/wp\/v2\/users\/1"}],"replies":[{"embeddable":true,"href":"http:\/\/clemens-clahsen.de\/index.php?rest_route=%2Fwp%2Fv2%2Fcomments&post=70"}],"version-history":[{"count":6,"href":"http:\/\/clemens-clahsen.de\/index.php?rest_route=\/wp\/v2\/pages\/70\/revisions"}],"predecessor-version":[{"id":216,"href":"http:\/\/clemens-clahsen.de\/index.php?rest_route=\/wp\/v2\/pages\/70\/revisions\/216"}],"wp:attachment":[{"href":"http:\/\/clemens-clahsen.de\/index.php?rest_route=%2Fwp%2Fv2%2Fmedia&parent=70"}],"curies":[{"name":"wp","href":"https:\/\/api.w.org\/{rel}","templated":true}]}}